{"id":27,"date":"2020-05-20T09:14:05","date_gmt":"2020-05-20T07:14:05","guid":{"rendered":"http:\/\/svn.at\/svnwp\/?page_id=27"},"modified":"2021-06-26T11:35:18","modified_gmt":"2021-06-26T09:35:18","slug":"sportanlage","status":"publish","type":"page","link":"https:\/\/svn.at\/svnwp\/svn-verein\/sportanlage\/","title":{"rendered":"SVN Sportanlage"},"content":{"rendered":"<h2>Sportanlage SV Nu\u00dfdorf<\/h2>\n<ul>\n<li>15. August 1971 Er\u00f6ffnung des Nu\u00dfdorfer Sportplatzes<\/li>\n<li>10. September 1995 Er\u00f6ffnung der neuen Nu\u00dfdorfer Sportanlage<\/li>\n<\/ul>\n<p>\t\t\t<iframe frameborder=\"0\" scrolling=\"no\" marginheight=\"0\" marginwidth=\"0\" src=\"https:\/\/maps.google.com\/maps?q=Sportplatz%20Nu%C3%9Fdorf%20Sportplatzstra%C3%9Fe%2C%205151&amp;t=m&amp;z=12&amp;output=embed&amp;iwloc=near\" title=\"%3$s\" aria-label=\"%3$s\"><\/iframe><\/p>\n<p>Neben dem Sportplatz befindet sich ein gro\u00dfer Parkplatz und das Italienische Restaurant San Remo.<\/p>\n<figure>\n\t\t\t\t\t\t\t\t\t\t<img decoding=\"async\" width=\"359\" height=\"270\" src=\"http:\/\/svn.at\/svnwp\/wp-content\/uploads\/verein-sportplatz-luftbild-1.png\" alt=\"\" loading=\"lazy\" srcset=\"https:\/\/svn.at\/svnwp\/wp-content\/uploads\/verein-sportplatz-luftbild-1.png 359w, https:\/\/svn.at\/svnwp\/wp-content\/uploads\/verein-sportplatz-luftbild-1-300x226.png 300w\" sizes=\"auto, (max-width: 359px) 100vw, 359px\" \/><figcaption>Sportanlage SV Nu\u00dfdorf<\/figcaption><\/figure>\n<figure>\n\t\t\t\t\t\t\t\t\t\t<img decoding=\"async\" width=\"360\" height=\"270\" src=\"http:\/\/svn.at\/svnwp\/wp-content\/uploads\/verein-sportplatz-luftbild-2.png\" alt=\"Sportanlage SV nu\u00dfdorf\" loading=\"lazy\" srcset=\"https:\/\/svn.at\/svnwp\/wp-content\/uploads\/verein-sportplatz-luftbild-2.png 360w, https:\/\/svn.at\/svnwp\/wp-content\/uploads\/verein-sportplatz-luftbild-2-300x225.png 300w\" sizes=\"auto, (max-width: 360px) 100vw, 360px\" \/><figcaption>Sportanlage SV Nu\u00dfdorf<\/figcaption><\/figure>\n","protected":false},"excerpt":{"rendered":"<p>Sportanlage SV Nu\u00dfdorf 15. August 1971 Er\u00f6ffnung des Nu\u00dfdorfer Sportplatzes 10. September 1995 Er\u00f6ffnung der neuen Nu\u00dfdorfer Sportanlage Neben dem Sportplatz befindet sich ein gro\u00dfer Parkplatz und das Italienische Restaurant San Remo. Sportanlage SV Nu\u00dfdorf Sportanlage SV Nu\u00dfdorf<\/p>\n","protected":false},"author":1,"featured_media":0,"parent":5,"menu_order":22,"comment_status":"closed","ping_status":"closed","template":"elementor_header_footer","meta":{"_uag_custom_page_level_css":"","footnotes":""},"class_list":["post-27","page","type-page","status-publish","hentry"],"uagb_featured_image_src":{"full":false,"thumbnail":false,"medium":false,"medium_large":false,"large":false,"1536x1536":false,"2048x2048":false},"uagb_author_info":{"display_name":"SV Nu\u00dfdorf","author_link":"https:\/\/svn.at\/svnwp\/author\/svn68admin\/"},"uagb_comment_info":0,"uagb_excerpt":"Sportanlage SV Nu\u00dfdorf 15. August 1971 Er\u00f6ffnung des Nu\u00dfdorfer Sportplatzes 10. September 1995 Er\u00f6ffnung der neuen Nu\u00dfdorfer Sportanlage Neben dem Sportplatz befindet sich ein gro\u00dfer Parkplatz und das Italienische Restaurant San Remo. Sportanlage SV Nu\u00dfdorf Sportanlage SV Nu\u00dfdorf","_links":{"self":[{"href":"https:\/\/svn.at\/svnwp\/wp-json\/wp\/v2\/pages\/27","targetHints":{"allow":["GET"]}}],"collection":[{"href":"https:\/\/svn.at\/svnwp\/wp-json\/wp\/v2\/pages"}],"about":[{"href":"https:\/\/svn.at\/svnwp\/wp-json\/wp\/v2\/types\/page"}],"author":[{"embeddable":true,"href":"https:\/\/svn.at\/svnwp\/wp-json\/wp\/v2\/users\/1"}],"replies":[{"embeddable":true,"href":"https:\/\/svn.at\/svnwp\/wp-json\/wp\/v2\/comments?post=27"}],"version-history":[{"count":10,"href":"https:\/\/svn.at\/svnwp\/wp-json\/wp\/v2\/pages\/27\/revisions"}],"predecessor-version":[{"id":9856,"href":"https:\/\/svn.at\/svnwp\/wp-json\/wp\/v2\/pages\/27\/revisions\/9856"}],"up":[{"embeddable":true,"href":"https:\/\/svn.at\/svnwp\/wp-json\/wp\/v2\/pages\/5"}],"wp:attachment":[{"href":"https:\/\/svn.at\/svnwp\/wp-json\/wp\/v2\/media?parent=27"}],"curies":[{"name":"wp","href":"https:\/\/api.w.org\/{rel}","templated":true}]}}