{"id":272,"date":"2020-05-26T13:44:42","date_gmt":"2020-05-26T11:44:42","guid":{"rendered":"http:\/\/svn.at\/svnwp\/?page_id=272"},"modified":"2022-08-19T09:51:26","modified_gmt":"2022-08-19T07:51:26","slug":"kampfmannschaft","status":"publish","type":"page","link":"https:\/\/svn.at\/svnwp\/teams\/kampfmannschaft\/","title":{"rendered":"1. Mannschaft"},"content":{"rendered":"<p><a href=\"\">Tabelle<\/a><br \/>\n\t\t\t\t\t\t\t\t\t\t\t\t<a href=\"\">Spielplan<\/a><br \/>\n\t\t\t\t\t\t\t\t\t\t\t\t<a href=\"\">Kader<\/a><br \/>\n\t\t\t\t\t\t\t\t\t\t\t\t<a href=\"\">Torsch\u00fctzen<\/a><br \/>\n\t\t\t\t\t\t\t\t\t\t\t\t<a href=\"\">N\u00e4chstes Spiel<\/a><br \/>\n\t\t\t\t\t\t\t\t\t\t\t\t<a href=\"\">Letztes Spiel<\/a><br \/>\n\t\t\t\t\t\t\t\t\t\t\t\t<a href=\"\">Tabelle<\/a><br \/>\n\t\t\t\t\t\t\t\t\t\t\t\t<a href=\"\">Spielplan<\/a><br \/>\n\t\t\t\t\t\t\t\t\t\t\t\t<a href=\"\">Kader<\/a><br \/>\n\t\t\t\t\t\t\t\t\t\t\t\t<a href=\"\">Torsch\u00fctzen<\/a><br \/>\n\t\t\t\t\t\t\t\t\t\t\t\t<a href=\"\">N\u00e4chstes Spiel<\/a><br \/>\n\t\t\t\t\t\t\t\t\t\t\t\t<a href=\"\">Letztes Spiel<\/a><\/p>\n","protected":false},"excerpt":{"rendered":"<p>Tabelle Spielplan Kader Torsch\u00fctzen N\u00e4chstes Spiel Letztes Spiel Tabelle Spielplan Kader Torsch\u00fctzen N\u00e4chstes Spiel Letztes Spiel<\/p>\n","protected":false},"author":1,"featured_media":10161,"parent":22,"menu_order":19,"comment_status":"closed","ping_status":"closed","template":"elementor_header_footer","meta":{"_uag_custom_page_level_css":"","footnotes":""},"class_list":["post-272","page","type-page","status-publish","has-post-thumbnail","hentry"],"uagb_featured_image_src":{"full":["https:\/\/svn.at\/svnwp\/wp-content\/uploads\/teamfotos\/21-22\/1-mannschaft\/1-mannschaft_21_22.jpg",1920,1080,false],"thumbnail":["https:\/\/svn.at\/svnwp\/wp-content\/uploads\/teamfotos\/21-22\/1-mannschaft\/1-mannschaft_21_22-150x150.jpg",150,150,true],"medium":["https:\/\/svn.at\/svnwp\/wp-content\/uploads\/teamfotos\/21-22\/1-mannschaft\/1-mannschaft_21_22-300x169.jpg",300,169,true],"medium_large":["https:\/\/svn.at\/svnwp\/wp-content\/uploads\/teamfotos\/21-22\/1-mannschaft\/1-mannschaft_21_22-768x432.jpg",768,432,true],"large":["https:\/\/svn.at\/svnwp\/wp-content\/uploads\/teamfotos\/21-22\/1-mannschaft\/1-mannschaft_21_22-1024x576.jpg",1024,576,true],"1536x1536":["https:\/\/svn.at\/svnwp\/wp-content\/uploads\/teamfotos\/21-22\/1-mannschaft\/1-mannschaft_21_22-1536x864.jpg",1536,864,true],"2048x2048":["https:\/\/svn.at\/svnwp\/wp-content\/uploads\/teamfotos\/21-22\/1-mannschaft\/1-mannschaft_21_22.jpg",1920,1080,false]},"uagb_author_info":{"display_name":"SV Nu\u00dfdorf","author_link":"https:\/\/svn.at\/svnwp\/author\/svn68admin\/"},"uagb_comment_info":0,"uagb_excerpt":"Tabelle Spielplan Kader Torsch\u00fctzen N\u00e4chstes Spiel Letztes Spiel Tabelle Spielplan Kader Torsch\u00fctzen N\u00e4chstes Spiel Letztes Spiel","_links":{"self":[{"href":"https:\/\/svn.at\/svnwp\/wp-json\/wp\/v2\/pages\/272","targetHints":{"allow":["GET"]}}],"collection":[{"href":"https:\/\/svn.at\/svnwp\/wp-json\/wp\/v2\/pages"}],"about":[{"href":"https:\/\/svn.at\/svnwp\/wp-json\/wp\/v2\/types\/page"}],"author":[{"embeddable":true,"href":"https:\/\/svn.at\/svnwp\/wp-json\/wp\/v2\/users\/1"}],"replies":[{"embeddable":true,"href":"https:\/\/svn.at\/svnwp\/wp-json\/wp\/v2\/comments?post=272"}],"version-history":[{"count":10,"href":"https:\/\/svn.at\/svnwp\/wp-json\/wp\/v2\/pages\/272\/revisions"}],"predecessor-version":[{"id":11263,"href":"https:\/\/svn.at\/svnwp\/wp-json\/wp\/v2\/pages\/272\/revisions\/11263"}],"up":[{"embeddable":true,"href":"https:\/\/svn.at\/svnwp\/wp-json\/wp\/v2\/pages\/22"}],"wp:featuredmedia":[{"embeddable":true,"href":"https:\/\/svn.at\/svnwp\/wp-json\/wp\/v2\/media\/10161"}],"wp:attachment":[{"href":"https:\/\/svn.at\/svnwp\/wp-json\/wp\/v2\/media?parent=272"}],"curies":[{"name":"wp","href":"https:\/\/api.w.org\/{rel}","templated":true}]}}