{"id":274,"date":"2020-05-26T13:44:54","date_gmt":"2020-05-26T11:44:54","guid":{"rendered":"http:\/\/svn.at\/svnwp\/?page_id=274"},"modified":"2022-09-02T10:39:05","modified_gmt":"2022-09-02T08:39:05","slug":"reserve","status":"publish","type":"page","link":"https:\/\/svn.at\/svnwp\/teams\/reserve\/","title":{"rendered":"Reserve"},"content":{"rendered":"<p><a href=\"\">Tabelle<\/a><br \/>\n\t\t\t\t\t\t\t\t\t\t\t\t<a href=\"\">Spielplan<\/a><br \/>\n\t\t\t\t\t\t\t\t\t\t\t\t<a href=\"\">Kader<\/a><br \/>\n\t\t\t\t\t\t\t\t\t\t\t\t<a href=\"\">Torsch\u00fctzen<\/a><br \/>\n\t\t\t\t\t\t\t\t\t\t\t\t<a href=\"\">N\u00e4chstes Spiel<\/a><br \/>\n\t\t\t\t\t\t\t\t\t\t\t\t<a href=\"\">Letztes Spiel<\/a><br \/>\n\t\t\t\t\t\t\t\t\t\t\t\t<a href=\"\">Tabelle<\/a><br \/>\n\t\t\t\t\t\t\t\t\t\t\t\t<a href=\"\">Spielplan<\/a><br \/>\n\t\t\t\t\t\t\t\t\t\t\t\t<a href=\"\">Kader<\/a><br \/>\n\t\t\t\t\t\t\t\t\t\t\t\t<a href=\"\">Torsch\u00fctzen<\/a><br \/>\n\t\t\t\t\t\t\t\t\t\t\t\t<a href=\"\">N\u00e4chstes Spiel<\/a><br \/>\n\t\t\t\t\t\t\t\t\t\t\t\t<a href=\"\">Letztes Spiel<\/a><\/p>\n","protected":false},"excerpt":{"rendered":"<p>Tabelle Spielplan Kader Torsch\u00fctzen N\u00e4chstes Spiel Letztes Spiel Tabelle Spielplan Kader Torsch\u00fctzen N\u00e4chstes Spiel Letztes Spiel<\/p>\n","protected":false},"author":1,"featured_media":0,"parent":22,"menu_order":18,"comment_status":"closed","ping_status":"closed","template":"elementor_header_footer","meta":{"_uag_custom_page_level_css":"","footnotes":""},"class_list":["post-274","page","type-page","status-publish","hentry"],"uagb_featured_image_src":{"full":false,"thumbnail":false,"medium":false,"medium_large":false,"large":false,"1536x1536":false,"2048x2048":false},"uagb_author_info":{"display_name":"SV Nu\u00dfdorf","author_link":"https:\/\/svn.at\/svnwp\/author\/svn68admin\/"},"uagb_comment_info":0,"uagb_excerpt":"Tabelle Spielplan Kader Torsch\u00fctzen N\u00e4chstes Spiel Letztes Spiel Tabelle Spielplan Kader Torsch\u00fctzen N\u00e4chstes Spiel Letztes Spiel","_links":{"self":[{"href":"https:\/\/svn.at\/svnwp\/wp-json\/wp\/v2\/pages\/274","targetHints":{"allow":["GET"]}}],"collection":[{"href":"https:\/\/svn.at\/svnwp\/wp-json\/wp\/v2\/pages"}],"about":[{"href":"https:\/\/svn.at\/svnwp\/wp-json\/wp\/v2\/types\/page"}],"author":[{"embeddable":true,"href":"https:\/\/svn.at\/svnwp\/wp-json\/wp\/v2\/users\/1"}],"replies":[{"embeddable":true,"href":"https:\/\/svn.at\/svnwp\/wp-json\/wp\/v2\/comments?post=274"}],"version-history":[{"count":10,"href":"https:\/\/svn.at\/svnwp\/wp-json\/wp\/v2\/pages\/274\/revisions"}],"predecessor-version":[{"id":11302,"href":"https:\/\/svn.at\/svnwp\/wp-json\/wp\/v2\/pages\/274\/revisions\/11302"}],"up":[{"embeddable":true,"href":"https:\/\/svn.at\/svnwp\/wp-json\/wp\/v2\/pages\/22"}],"wp:attachment":[{"href":"https:\/\/svn.at\/svnwp\/wp-json\/wp\/v2\/media?parent=274"}],"curies":[{"name":"wp","href":"https:\/\/api.w.org\/{rel}","templated":true}]}}