{"id":276,"date":"2020-05-26T13:45:25","date_gmt":"2020-05-26T11:45:25","guid":{"rendered":"http:\/\/svn.at\/svnwp\/?page_id=276"},"modified":"2023-08-20T16:44:38","modified_gmt":"2023-08-20T14:44:38","slug":"u14","status":"publish","type":"page","link":"https:\/\/svn.at\/svnwp\/teams\/u14\/","title":{"rendered":"U8"},"content":{"rendered":"<p><a href=\"\">Tabelle<\/a><br \/>\n<a href=\"\">Spielplan<\/a><br \/>\n<a href=\"\">Kader<\/a><br \/>\n<a href=\"\">Torsch\u00fctzen<\/a><br \/>\n<a href=\"\">N\u00e4chstes Spiel<\/a><br \/>\n<a href=\"\">Letztes Spiel<\/a><br \/>\n<a href=\"\">Tabelle<\/a><br \/>\n<a href=\"\">Spielplan<\/a><br \/>\n<a href=\"\">Kader<\/a><br \/>\n<a href=\"\">Torsch\u00fctzen<\/a><br \/>\n<a href=\"\">N\u00e4chstes Spiel<\/a><br \/>\n<a href=\"\">Letztes Spiel<\/a><\/p>\n","protected":false},"excerpt":{"rendered":"<p>Tabelle Spielplan Kader Torsch\u00fctzen N\u00e4chstes Spiel Letztes Spiel Tabelle Spielplan Kader Torsch\u00fctzen N\u00e4chstes Spiel Letztes Spiel<\/p>\n","protected":false},"author":10,"featured_media":9631,"parent":22,"menu_order":17,"comment_status":"closed","ping_status":"closed","template":"elementor_header_footer","meta":{"_uag_custom_page_level_css":"","footnotes":""},"class_list":["post-276","page","type-page","status-publish","has-post-thumbnail","hentry"],"uagb_featured_image_src":{"full":["https:\/\/svn.at\/svnwp\/wp-content\/uploads\/2021\/06\/svn_noch-kein-bild-vorhanden.png",955,637,false],"thumbnail":["https:\/\/svn.at\/svnwp\/wp-content\/uploads\/2021\/06\/svn_noch-kein-bild-vorhanden-150x150.png",150,150,true],"medium":["https:\/\/svn.at\/svnwp\/wp-content\/uploads\/2021\/06\/svn_noch-kein-bild-vorhanden-300x200.png",300,200,true],"medium_large":["https:\/\/svn.at\/svnwp\/wp-content\/uploads\/2021\/06\/svn_noch-kein-bild-vorhanden-768x512.png",768,512,true],"large":["https:\/\/svn.at\/svnwp\/wp-content\/uploads\/2021\/06\/svn_noch-kein-bild-vorhanden.png",955,637,false],"1536x1536":["https:\/\/svn.at\/svnwp\/wp-content\/uploads\/2021\/06\/svn_noch-kein-bild-vorhanden.png",955,637,false],"2048x2048":["https:\/\/svn.at\/svnwp\/wp-content\/uploads\/2021\/06\/svn_noch-kein-bild-vorhanden.png",955,637,false]},"uagb_author_info":{"display_name":"Patrick Lang","author_link":"https:\/\/svn.at\/svnwp\/author\/patrickla\/"},"uagb_comment_info":0,"uagb_excerpt":"Tabelle Spielplan Kader Torsch\u00fctzen N\u00e4chstes Spiel Letztes Spiel Tabelle Spielplan Kader Torsch\u00fctzen N\u00e4chstes Spiel Letztes Spiel","_links":{"self":[{"href":"https:\/\/svn.at\/svnwp\/wp-json\/wp\/v2\/pages\/276","targetHints":{"allow":["GET"]}}],"collection":[{"href":"https:\/\/svn.at\/svnwp\/wp-json\/wp\/v2\/pages"}],"about":[{"href":"https:\/\/svn.at\/svnwp\/wp-json\/wp\/v2\/types\/page"}],"author":[{"embeddable":true,"href":"https:\/\/svn.at\/svnwp\/wp-json\/wp\/v2\/users\/10"}],"replies":[{"embeddable":true,"href":"https:\/\/svn.at\/svnwp\/wp-json\/wp\/v2\/comments?post=276"}],"version-history":[{"count":10,"href":"https:\/\/svn.at\/svnwp\/wp-json\/wp\/v2\/pages\/276\/revisions"}],"predecessor-version":[{"id":11453,"href":"https:\/\/svn.at\/svnwp\/wp-json\/wp\/v2\/pages\/276\/revisions\/11453"}],"up":[{"embeddable":true,"href":"https:\/\/svn.at\/svnwp\/wp-json\/wp\/v2\/pages\/22"}],"wp:featuredmedia":[{"embeddable":true,"href":"https:\/\/svn.at\/svnwp\/wp-json\/wp\/v2\/media\/9631"}],"wp:attachment":[{"href":"https:\/\/svn.at\/svnwp\/wp-json\/wp\/v2\/media?parent=276"}],"curies":[{"name":"wp","href":"https:\/\/api.w.org\/{rel}","templated":true}]}}